{"id":7497,"date":"2023-05-18T03:58:11","date_gmt":"2023-05-18T07:58:11","guid":{"rendered":"https:\/\/accionclimaticaplaca.org\/?page_id=7497"},"modified":"2025-06-10T01:23:22","modified_gmt":"2025-06-10T05:23:22","slug":"calendario-eventos-placa-2025","status":"publish","type":"page","link":"https:\/\/accionclimaticaplaca.org\/es\/calendario-eventos-placa-2025\/","title":{"rendered":"Calendario"},"content":{"rendered":"\t\t<div data-elementor-type=\"wp-page\" data-elementor-id=\"7497\" class=\"elementor elementor-7497\" data-elementor-settings=\"{&quot;ha_cmc_init_switcher&quot;:&quot;no&quot;}\">\n\t\t\t\t\t\t<section class=\"elementor-section elementor-top-section elementor-element elementor-element-91c9c46 elementor-section-full_width elementor-section-height-min-height elementor-section-height-default elementor-section-items-middle\" data-id=\"91c9c46\" data-element_type=\"section\" data-settings=\"{&quot;background_background&quot;:&quot;classic&quot;,&quot;_ha_eqh_enable&quot;:false}\">\n\t\t\t\t\t\t\t<div class=\"elementor-background-overlay\"><\/div>\n\t\t\t\t\t\t\t<div class=\"elementor-container elementor-column-gap-default\">\n\t\t\t\t\t<div class=\"elementor-column elementor-col-100 elementor-top-column elementor-element elementor-element-30a009c\" data-id=\"30a009c\" data-element_type=\"column\">\n\t\t\t<div class=\"elementor-widget-wrap elementor-element-populated\">\n\t\t\t\t\t\t<section class=\"elementor-section elementor-inner-section elementor-element elementor-element-abdb2c1 elementor-section-boxed elementor-section-height-default elementor-section-height-default\" data-id=\"abdb2c1\" data-element_type=\"section\" data-settings=\"{&quot;_ha_eqh_enable&quot;:false}\">\n\t\t\t\t\t\t<div class=\"elementor-container elementor-column-gap-default\">\n\t\t\t\t\t<div class=\"elementor-column elementor-col-100 elementor-inner-column elementor-element elementor-element-f314d64\" data-id=\"f314d64\" data-element_type=\"column\">\n\t\t\t<div class=\"elementor-widget-wrap elementor-element-populated\">\n\t\t\t\t\t\t<div class=\"elementor-element elementor-element-bb50228 elementor-widget elementor-widget-spacer\" data-id=\"bb50228\" data-element_type=\"widget\" data-widget_type=\"spacer.default\">\n\t\t\t\t<div class=\"elementor-widget-container\">\n\t\t\t\t\t<div class=\"elementor-spacer\">\n\t\t\t<div class=\"elementor-spacer-inner\"><\/div>\n\t\t<\/div>\n\t\t\t\t<\/div>\n\t\t\t\t<\/div>\n\t\t\t\t<div class=\"elementor-element elementor-element-2a48741 elementor-widget elementor-widget-heading\" data-id=\"2a48741\" data-element_type=\"widget\" data-widget_type=\"heading.default\">\n\t\t\t\t<div class=\"elementor-widget-container\">\n\t\t\t<h2 class=\"elementor-heading-title elementor-size-default\">Calendario<\/h2>\t\t<\/div>\n\t\t\t\t<\/div>\n\t\t\t\t<div class=\"elementor-element elementor-element-70785dd elementor-widget elementor-widget-spacer\" data-id=\"70785dd\" data-element_type=\"widget\" data-widget_type=\"spacer.default\">\n\t\t\t\t<div class=\"elementor-widget-container\">\n\t\t\t\t\t<div class=\"elementor-spacer\">\n\t\t\t<div class=\"elementor-spacer-inner\"><\/div>\n\t\t<\/div>\n\t\t\t\t<\/div>\n\t\t\t\t<\/div>\n\t\t\t\t\t<\/div>\n\t\t<\/div>\n\t\t\t\t\t<\/div>\n\t\t<\/section>\n\t\t\t\t\t<\/div>\n\t\t<\/div>\n\t\t\t\t\t<\/div>\n\t\t<\/section>\n\t\t\t\t<section class=\"elementor-section elementor-top-section elementor-element elementor-element-b2fae01 elementor-section-boxed elementor-section-height-default elementor-section-height-default\" data-id=\"b2fae01\" data-element_type=\"section\" data-settings=\"{&quot;_ha_eqh_enable&quot;:false}\">\n\t\t\t\t\t\t<div class=\"elementor-container elementor-column-gap-default\">\n\t\t\t\t\t<div class=\"elementor-column elementor-col-100 elementor-top-column elementor-element elementor-element-fb40737 elementor-invisible\" data-id=\"fb40737\" data-element_type=\"column\" data-settings=\"{&quot;animation&quot;:&quot;fadeInRight&quot;}\">\n\t\t\t<div class=\"elementor-widget-wrap elementor-element-populated\">\n\t\t\t\t\t\t<div class=\"elementor-element elementor-element-5392a5e elementor-widget elementor-widget-heading\" data-id=\"5392a5e\" data-element_type=\"widget\" data-widget_type=\"heading.default\">\n\t\t\t\t<div class=\"elementor-widget-container\">\n\t\t\t<h3 class=\"elementor-heading-title elementor-size-default\">Eventos PLACA 2025<\/h3>\t\t<\/div>\n\t\t\t\t<\/div>\n\t\t\t\t<div class=\"elementor-element elementor-element-19ecd56 elementor-widget-divider--view-line elementor-widget elementor-widget-divider\" data-id=\"19ecd56\" data-element_type=\"widget\" data-widget_type=\"divider.default\">\n\t\t\t\t<div class=\"elementor-widget-container\">\n\t\t\t\t\t<div class=\"elementor-divider\">\n\t\t\t<span class=\"elementor-divider-separator\">\n\t\t\t\t\t\t<\/span>\n\t\t<\/div>\n\t\t\t\t<\/div>\n\t\t\t\t<\/div>\n\t\t\t\t<div class=\"elementor-element elementor-element-bec10b8 elementor-widget elementor-widget-text-editor\" data-id=\"bec10b8\" data-element_type=\"widget\" data-widget_type=\"text-editor.default\">\n\t\t\t\t<div class=\"elementor-widget-container\">\n\t\t\t\t\t\t\t<p class=\"bodytext\"><strong><span class=\"ui-provider gr b c d e f g h i j k l m n o p q r s t u v w x y z ab ac ae af ag ah ai aj ak\" dir=\"ltr\">En esta secci\u00f3n se encuentra la planificaci\u00f3n anual de PLACA, la cual brinda una visi\u00f3n completa sobre las actividades m\u00e1s destacadas de la plataforma.\u00a0 Este calendario se estar\u00e1 actualizando de manera recurrente a lo largo del a\u00f1o.\u00a0<\/span><\/strong><\/p>\t\t\t\t\t\t<\/div>\n\t\t\t\t<\/div>\n\t\t\t\t\t<\/div>\n\t\t<\/div>\n\t\t\t\t\t<\/div>\n\t\t<\/section>\n\t\t\t\t<section class=\"elementor-section elementor-top-section elementor-element elementor-element-0d3ab18 elementor-section-full_width elementor-section-height-default elementor-section-height-default\" data-id=\"0d3ab18\" data-element_type=\"section\" data-settings=\"{&quot;_ha_eqh_enable&quot;:false}\">\n\t\t\t\t\t\t<div class=\"elementor-container elementor-column-gap-default\">\n\t\t\t\t\t<div class=\"elementor-column elementor-col-100 elementor-top-column elementor-element elementor-element-53d6664\" data-id=\"53d6664\" data-element_type=\"column\">\n\t\t\t<div class=\"elementor-widget-wrap elementor-element-populated\">\n\t\t\t\t\t\t<div class=\"elementor-element elementor-element-b830615 elementor-widget__width-initial elementor-widget elementor-widget-html\" data-id=\"b830615\" data-element_type=\"widget\" data-widget_type=\"html.default\">\n\t\t\t\t<div class=\"elementor-widget-container\">\n\t\t\t\n<div<div style=\"width: 100%;\"><div style=\"position: relative; padding-bottom: 50.25%; padding-top: 0; height: 0;\"><iframe title=\"CalendarioPLACA2025\" frameborder=\"0\" width=\"600\" height=\"338\" style=\"position: absolute; top: 0; left: 0; width: 100%; height: 90%;\" src=\"https:\/\/view.genially.com\/6846693e2feee6f909289797\" type=\"text\/html\" allowscriptaccess=\"always\" allowfullscreen=\"true\" scrolling=\"yes\" allownetworking=\"all\"><\/iframe> <\/div> <\/div>\n\n\t\t<\/div>\n\t\t\t\t<\/div>\n\t\t\t\t\t<\/div>\n\t\t<\/div>\n\t\t\t\t\t<\/div>\n\t\t<\/section>\n\t\t\t\t<\/div>\n\t\t","protected":false},"excerpt":{"rendered":"<p>Calendario Eventos PLACA 2025 En esta secci\u00f3n se encuentra la planificaci\u00f3n anual de PLACA, la cual brinda una visi\u00f3n completa sobre las actividades m\u00e1s destacadas de la plataforma.\u00a0 Este calendario se estar\u00e1 actualizando de manera recurrente a lo largo del a\u00f1o.\u00a0<\/p>\n","protected":false},"author":1,"featured_media":0,"parent":0,"menu_order":0,"comment_status":"closed","ping_status":"closed","template":"","meta":{"_monsterinsights_skip_tracking":false,"_monsterinsights_sitenote_active":false,"_monsterinsights_sitenote_note":"","_monsterinsights_sitenote_category":0,"footnotes":""},"class_list":["post-7497","page","type-page","status-publish","hentry"],"yoast_head":"<!-- This site is optimized with the Yoast SEO plugin v27.3 - https:\/\/yoast.com\/product\/yoast-seo-wordpress\/ -->\n<title>Calendario - Plataforma de Acci\u00f3n Clim\u00e1tica PLACA<\/title>\n<meta name=\"robots\" content=\"index, follow, max-snippet:-1, max-image-preview:large, max-video-preview:-1\" \/>\n<link rel=\"canonical\" href=\"https:\/\/accionclimaticaplaca.org\/es\/calendario-eventos-placa-2025\/\" \/>\n<meta property=\"og:locale\" content=\"es_ES\" \/>\n<meta property=\"og:type\" content=\"article\" \/>\n<meta property=\"og:title\" content=\"Calendario - Plataforma de Acci\u00f3n Clim\u00e1tica PLACA\" \/>\n<meta property=\"og:description\" content=\"Calendario Eventos PLACA 2025 En esta secci\u00f3n se encuentra la planificaci\u00f3n anual de PLACA, la cual brinda una visi\u00f3n completa sobre las actividades m\u00e1s destacadas de la plataforma.\u00a0 Este calendario se estar\u00e1 actualizando de manera recurrente a lo largo del a\u00f1o.\u00a0\" \/>\n<meta property=\"og:url\" content=\"https:\/\/accionclimaticaplaca.org\/es\/calendario-eventos-placa-2025\/\" \/>\n<meta property=\"og:site_name\" content=\"Plataforma de Acci\u00f3n Clim\u00e1tica PLACA\" \/>\n<meta property=\"article:modified_time\" content=\"2025-06-10T05:23:22+00:00\" \/>\n<meta name=\"twitter:card\" content=\"summary_large_image\" \/>\n<meta name=\"twitter:label1\" content=\"Tiempo de lectura\" \/>\n\t<meta name=\"twitter:data1\" content=\"1 minuto\" \/>\n<script type=\"application\/ld+json\" class=\"yoast-schema-graph\">{\"@context\":\"https:\\\/\\\/schema.org\",\"@graph\":[{\"@type\":\"WebPage\",\"@id\":\"https:\\\/\\\/accionclimaticaplaca.org\\\/calendario-eventos-placa-2025\\\/\",\"url\":\"https:\\\/\\\/accionclimaticaplaca.org\\\/calendario-eventos-placa-2025\\\/\",\"name\":\"Calendario - Plataforma de Acci\u00f3n Clim\u00e1tica PLACA\",\"isPartOf\":{\"@id\":\"https:\\\/\\\/accionclimaticaplaca.org\\\/#website\"},\"datePublished\":\"2023-05-18T07:58:11+00:00\",\"dateModified\":\"2025-06-10T05:23:22+00:00\",\"breadcrumb\":{\"@id\":\"https:\\\/\\\/accionclimaticaplaca.org\\\/calendario-eventos-placa-2025\\\/#breadcrumb\"},\"inLanguage\":\"es\",\"potentialAction\":[{\"@type\":\"ReadAction\",\"target\":[\"https:\\\/\\\/accionclimaticaplaca.org\\\/calendario-eventos-placa-2025\\\/\"]}]},{\"@type\":\"BreadcrumbList\",\"@id\":\"https:\\\/\\\/accionclimaticaplaca.org\\\/calendario-eventos-placa-2025\\\/#breadcrumb\",\"itemListElement\":[{\"@type\":\"ListItem\",\"position\":1,\"name\":\"Portada\",\"item\":\"https:\\\/\\\/accionclimaticaplaca.org\\\/\"},{\"@type\":\"ListItem\",\"position\":2,\"name\":\"Calendario\"}]},{\"@type\":\"WebSite\",\"@id\":\"https:\\\/\\\/accionclimaticaplaca.org\\\/#website\",\"url\":\"https:\\\/\\\/accionclimaticaplaca.org\\\/\",\"name\":\"Plataforma de Acci\u00f3n Clim\u00e1tica PLACA\",\"description\":\"Plataforma de Acci\u00f3n Clim\u00e1tica en Agricultura de Latinoam\u00e9rica y El Caribe\",\"publisher\":{\"@id\":\"https:\\\/\\\/accionclimaticaplaca.org\\\/#organization\"},\"potentialAction\":[{\"@type\":\"SearchAction\",\"target\":{\"@type\":\"EntryPoint\",\"urlTemplate\":\"https:\\\/\\\/accionclimaticaplaca.org\\\/?s={search_term_string}\"},\"query-input\":{\"@type\":\"PropertyValueSpecification\",\"valueRequired\":true,\"valueName\":\"search_term_string\"}}],\"inLanguage\":\"es\"},{\"@type\":\"Organization\",\"@id\":\"https:\\\/\\\/accionclimaticaplaca.org\\\/#organization\",\"name\":\"Food and Agriculture Organization\",\"url\":\"https:\\\/\\\/accionclimaticaplaca.org\\\/\",\"logo\":{\"@type\":\"ImageObject\",\"inLanguage\":\"es\",\"@id\":\"https:\\\/\\\/accionclimaticaplaca.org\\\/#\\\/schema\\\/logo\\\/image\\\/\",\"url\":\"https:\\\/\\\/accionclimaticaplaca.org\\\/wp-content\\\/uploads\\\/2021\\\/11\\\/gif_placa_esp.gif\",\"contentUrl\":\"https:\\\/\\\/accionclimaticaplaca.org\\\/wp-content\\\/uploads\\\/2021\\\/11\\\/gif_placa_esp.gif\",\"width\":1000,\"height\":1000,\"caption\":\"Food and Agriculture Organization\"},\"image\":{\"@id\":\"https:\\\/\\\/accionclimaticaplaca.org\\\/#\\\/schema\\\/logo\\\/image\\\/\"}}]}<\/script>\n<!-- \/ Yoast SEO plugin. -->","yoast_head_json":{"title":"Calendario - Plataforma de Acci\u00f3n Clim\u00e1tica PLACA","robots":{"index":"index","follow":"follow","max-snippet":"max-snippet:-1","max-image-preview":"max-image-preview:large","max-video-preview":"max-video-preview:-1"},"canonical":"https:\/\/accionclimaticaplaca.org\/es\/calendario-eventos-placa-2025\/","og_locale":"es_ES","og_type":"article","og_title":"Calendario - Plataforma de Acci\u00f3n Clim\u00e1tica PLACA","og_description":"Calendario Eventos PLACA 2025 En esta secci\u00f3n se encuentra la planificaci\u00f3n anual de PLACA, la cual brinda una visi\u00f3n completa sobre las actividades m\u00e1s destacadas de la plataforma.\u00a0 Este calendario se estar\u00e1 actualizando de manera recurrente a lo largo del a\u00f1o.\u00a0","og_url":"https:\/\/accionclimaticaplaca.org\/es\/calendario-eventos-placa-2025\/","og_site_name":"Plataforma de Acci\u00f3n Clim\u00e1tica PLACA","article_modified_time":"2025-06-10T05:23:22+00:00","twitter_card":"summary_large_image","twitter_misc":{"Tiempo de lectura":"1 minuto"},"schema":{"@context":"https:\/\/schema.org","@graph":[{"@type":"WebPage","@id":"https:\/\/accionclimaticaplaca.org\/calendario-eventos-placa-2025\/","url":"https:\/\/accionclimaticaplaca.org\/calendario-eventos-placa-2025\/","name":"Calendario - Plataforma de Acci\u00f3n Clim\u00e1tica PLACA","isPartOf":{"@id":"https:\/\/accionclimaticaplaca.org\/#website"},"datePublished":"2023-05-18T07:58:11+00:00","dateModified":"2025-06-10T05:23:22+00:00","breadcrumb":{"@id":"https:\/\/accionclimaticaplaca.org\/calendario-eventos-placa-2025\/#breadcrumb"},"inLanguage":"es","potentialAction":[{"@type":"ReadAction","target":["https:\/\/accionclimaticaplaca.org\/calendario-eventos-placa-2025\/"]}]},{"@type":"BreadcrumbList","@id":"https:\/\/accionclimaticaplaca.org\/calendario-eventos-placa-2025\/#breadcrumb","itemListElement":[{"@type":"ListItem","position":1,"name":"Portada","item":"https:\/\/accionclimaticaplaca.org\/"},{"@type":"ListItem","position":2,"name":"Calendario"}]},{"@type":"WebSite","@id":"https:\/\/accionclimaticaplaca.org\/#website","url":"https:\/\/accionclimaticaplaca.org\/","name":"Plataforma de Acci\u00f3n Clim\u00e1tica PLACA","description":"Plataforma de Acci\u00f3n Clim\u00e1tica en Agricultura de Latinoam\u00e9rica y El Caribe","publisher":{"@id":"https:\/\/accionclimaticaplaca.org\/#organization"},"potentialAction":[{"@type":"SearchAction","target":{"@type":"EntryPoint","urlTemplate":"https:\/\/accionclimaticaplaca.org\/?s={search_term_string}"},"query-input":{"@type":"PropertyValueSpecification","valueRequired":true,"valueName":"search_term_string"}}],"inLanguage":"es"},{"@type":"Organization","@id":"https:\/\/accionclimaticaplaca.org\/#organization","name":"Food and Agriculture Organization","url":"https:\/\/accionclimaticaplaca.org\/","logo":{"@type":"ImageObject","inLanguage":"es","@id":"https:\/\/accionclimaticaplaca.org\/#\/schema\/logo\/image\/","url":"https:\/\/accionclimaticaplaca.org\/wp-content\/uploads\/2021\/11\/gif_placa_esp.gif","contentUrl":"https:\/\/accionclimaticaplaca.org\/wp-content\/uploads\/2021\/11\/gif_placa_esp.gif","width":1000,"height":1000,"caption":"Food and Agriculture Organization"},"image":{"@id":"https:\/\/accionclimaticaplaca.org\/#\/schema\/logo\/image\/"}}]}},"_links":{"self":[{"href":"https:\/\/accionclimaticaplaca.org\/es\/wp-json\/wp\/v2\/pages\/7497","targetHints":{"allow":["GET"]}}],"collection":[{"href":"https:\/\/accionclimaticaplaca.org\/es\/wp-json\/wp\/v2\/pages"}],"about":[{"href":"https:\/\/accionclimaticaplaca.org\/es\/wp-json\/wp\/v2\/types\/page"}],"author":[{"embeddable":true,"href":"https:\/\/accionclimaticaplaca.org\/es\/wp-json\/wp\/v2\/users\/1"}],"replies":[{"embeddable":true,"href":"https:\/\/accionclimaticaplaca.org\/es\/wp-json\/wp\/v2\/comments?post=7497"}],"version-history":[{"count":101,"href":"https:\/\/accionclimaticaplaca.org\/es\/wp-json\/wp\/v2\/pages\/7497\/revisions"}],"predecessor-version":[{"id":10421,"href":"https:\/\/accionclimaticaplaca.org\/es\/wp-json\/wp\/v2\/pages\/7497\/revisions\/10421"}],"wp:attachment":[{"href":"https:\/\/accionclimaticaplaca.org\/es\/wp-json\/wp\/v2\/media?parent=7497"}],"curies":[{"name":"wp","href":"https:\/\/api.w.org\/{rel}","templated":true}]}}