{"id":7148,"date":"2022-10-20T09:23:15","date_gmt":"2022-10-20T13:23:15","guid":{"rendered":"https:\/\/accionclimaticaplaca.org\/?page_id=7148"},"modified":"2022-10-20T09:29:37","modified_gmt":"2022-10-20T13:29:37","slug":"soluciones-tecnologicas-de-bajo-costo-y-o-basadas-en-recursos-locales","status":"publish","type":"page","link":"https:\/\/accionclimaticaplaca.org\/es\/soluciones-tecnologicas-de-bajo-costo-y-o-basadas-en-recursos-locales\/","title":{"rendered":"Soluciones tecnol\u00f3gicas de bajo costo y\/o basadas en recursos locales"},"content":{"rendered":"\t\t<div data-elementor-type=\"wp-page\" data-elementor-id=\"7148\" class=\"elementor elementor-7148\" data-elementor-post-type=\"page\">\n\t\t\t\t\t\t<section class=\"elementor-section elementor-top-section elementor-element elementor-element-0ad3ef1 elementor-section-full_width elementor-section-height-default elementor-section-height-default\" data-id=\"0ad3ef1\" data-element_type=\"section\" data-e-type=\"section\">\n\t\t\t\t\t\t<div class=\"elementor-container elementor-column-gap-default\">\n\t\t\t\t\t<div class=\"elementor-column elementor-col-100 elementor-top-column elementor-element elementor-element-c431b4a\" data-id=\"c431b4a\" data-element_type=\"column\" data-e-type=\"column\">\n\t\t\t<div class=\"elementor-widget-wrap elementor-element-populated\">\n\t\t\t\t\t\t<div class=\"elementor-element elementor-element-d3b4c1e elementor-widget elementor-widget-html\" data-id=\"d3b4c1e\" data-element_type=\"widget\" data-e-type=\"widget\" data-widget_type=\"html.default\">\n\t\t\t\t<div class=\"elementor-widget-container\">\n\t\t\t\t\t<div class=\"padlet-embed\" style=\"border:1px solid rgba(0,0,0,0.1);border-radius:2px;box-sizing:border-box;overflow:hidden;position:relative;width:100%;background:#F4F4F4\"><p style=\"padding:0;margin:0\"><iframe src=\"https:\/\/padlet.com\/embed\/4l076utfikva6w2o\" frameborder=\"0\" allow=\"camera;microphone;geolocation\" style=\"width:100%;height:608px;display:block;padding:0;margin:0\"><\/iframe><\/p><div style=\"display:flex;align-items:center;justify-content:end;margin:0;height:28px\"><a href=\"https:\/\/padlet.com?ref=embed\" style=\"display:block;flex-grow:0;margin:0;border:none;padding:0;text-decoration:none\" target=\"_blank\"><div style=\"display:flex;align-items:center;\"><img decoding=\"async\" src=\"https:\/\/padlet.net\/embeds\/made_with_padlet_2022.png\" width=\"114\" height=\"28\" style=\"padding:0;margin:0;background:0 0;border:none;box-shadow:none\" alt=\"Hecho con Padlet\"><\/div><\/a><\/div><\/div>\t\t\t\t<\/div>\n\t\t\t\t<\/div>\n\t\t\t\t\t<\/div>\n\t\t<\/div>\n\t\t\t\t\t<\/div>\n\t\t<\/section>\n\t\t\t\t<\/div>\n\t\t","protected":false},"excerpt":{"rendered":"","protected":false},"author":1,"featured_media":0,"parent":0,"menu_order":0,"comment_status":"closed","ping_status":"closed","template":"","meta":{"_monsterinsights_skip_tracking":false,"_monsterinsights_sitenote_active":false,"_monsterinsights_sitenote_note":"","_monsterinsights_sitenote_category":0,"footnotes":""},"class_list":["post-7148","page","type-page","status-publish","hentry"],"yoast_head":"<!-- This site is optimized with the Yoast SEO plugin v27.3 - https:\/\/yoast.com\/product\/yoast-seo-wordpress\/ -->\n<title>Soluciones tecnol\u00f3gicas de bajo costo y\/o basadas en recursos locales - Plataforma de Acci\u00f3n Clim\u00e1tica PLACA<\/title>\n<meta name=\"robots\" content=\"index, follow, max-snippet:-1, max-image-preview:large, max-video-preview:-1\" \/>\n<link rel=\"canonical\" href=\"https:\/\/accionclimaticaplaca.org\/es\/soluciones-tecnologicas-de-bajo-costo-y-o-basadas-en-recursos-locales\/\" \/>\n<meta property=\"og:locale\" content=\"es_ES\" \/>\n<meta property=\"og:type\" content=\"article\" \/>\n<meta property=\"og:title\" content=\"Soluciones tecnol\u00f3gicas de bajo costo y\/o basadas en recursos locales - Plataforma de Acci\u00f3n Clim\u00e1tica PLACA\" \/>\n<meta property=\"og:url\" content=\"https:\/\/accionclimaticaplaca.org\/es\/soluciones-tecnologicas-de-bajo-costo-y-o-basadas-en-recursos-locales\/\" \/>\n<meta property=\"og:site_name\" content=\"Plataforma de Acci\u00f3n Clim\u00e1tica PLACA\" \/>\n<meta property=\"article:modified_time\" content=\"2022-10-20T13:29:37+00:00\" \/>\n<meta property=\"og:image\" content=\"https:\/\/padlet.net\/embeds\/made_with_padlet_2022.png\" \/>\n<meta name=\"twitter:card\" content=\"summary_large_image\" \/>\n<script type=\"application\/ld+json\" class=\"yoast-schema-graph\">{\"@context\":\"https:\\\/\\\/schema.org\",\"@graph\":[{\"@type\":\"WebPage\",\"@id\":\"https:\\\/\\\/accionclimaticaplaca.org\\\/soluciones-tecnologicas-de-bajo-costo-y-o-basadas-en-recursos-locales\\\/\",\"url\":\"https:\\\/\\\/accionclimaticaplaca.org\\\/soluciones-tecnologicas-de-bajo-costo-y-o-basadas-en-recursos-locales\\\/\",\"name\":\"Soluciones tecnol\u00f3gicas de bajo costo y\\\/o basadas en recursos locales - Plataforma de Acci\u00f3n Clim\u00e1tica PLACA\",\"isPartOf\":{\"@id\":\"https:\\\/\\\/accionclimaticaplaca.org\\\/#website\"},\"primaryImageOfPage\":{\"@id\":\"https:\\\/\\\/accionclimaticaplaca.org\\\/soluciones-tecnologicas-de-bajo-costo-y-o-basadas-en-recursos-locales\\\/#primaryimage\"},\"image\":{\"@id\":\"https:\\\/\\\/accionclimaticaplaca.org\\\/soluciones-tecnologicas-de-bajo-costo-y-o-basadas-en-recursos-locales\\\/#primaryimage\"},\"thumbnailUrl\":\"https:\\\/\\\/padlet.net\\\/embeds\\\/made_with_padlet_2022.png\",\"datePublished\":\"2022-10-20T13:23:15+00:00\",\"dateModified\":\"2022-10-20T13:29:37+00:00\",\"breadcrumb\":{\"@id\":\"https:\\\/\\\/accionclimaticaplaca.org\\\/soluciones-tecnologicas-de-bajo-costo-y-o-basadas-en-recursos-locales\\\/#breadcrumb\"},\"inLanguage\":\"es\",\"potentialAction\":[{\"@type\":\"ReadAction\",\"target\":[\"https:\\\/\\\/accionclimaticaplaca.org\\\/soluciones-tecnologicas-de-bajo-costo-y-o-basadas-en-recursos-locales\\\/\"]}]},{\"@type\":\"ImageObject\",\"inLanguage\":\"es\",\"@id\":\"https:\\\/\\\/accionclimaticaplaca.org\\\/soluciones-tecnologicas-de-bajo-costo-y-o-basadas-en-recursos-locales\\\/#primaryimage\",\"url\":\"https:\\\/\\\/padlet.net\\\/embeds\\\/made_with_padlet_2022.png\",\"contentUrl\":\"https:\\\/\\\/padlet.net\\\/embeds\\\/made_with_padlet_2022.png\"},{\"@type\":\"BreadcrumbList\",\"@id\":\"https:\\\/\\\/accionclimaticaplaca.org\\\/soluciones-tecnologicas-de-bajo-costo-y-o-basadas-en-recursos-locales\\\/#breadcrumb\",\"itemListElement\":[{\"@type\":\"ListItem\",\"position\":1,\"name\":\"Portada\",\"item\":\"https:\\\/\\\/accionclimaticaplaca.org\\\/\"},{\"@type\":\"ListItem\",\"position\":2,\"name\":\"Soluciones tecnol\u00f3gicas de bajo costo y\\\/o basadas en recursos locales\"}]},{\"@type\":\"WebSite\",\"@id\":\"https:\\\/\\\/accionclimaticaplaca.org\\\/#website\",\"url\":\"https:\\\/\\\/accionclimaticaplaca.org\\\/\",\"name\":\"Plataforma de Acci\u00f3n Clim\u00e1tica PLACA\",\"description\":\"Plataforma de Acci\u00f3n Clim\u00e1tica en Agricultura de Latinoam\u00e9rica y El Caribe\",\"publisher\":{\"@id\":\"https:\\\/\\\/accionclimaticaplaca.org\\\/#organization\"},\"potentialAction\":[{\"@type\":\"SearchAction\",\"target\":{\"@type\":\"EntryPoint\",\"urlTemplate\":\"https:\\\/\\\/accionclimaticaplaca.org\\\/?s={search_term_string}\"},\"query-input\":{\"@type\":\"PropertyValueSpecification\",\"valueRequired\":true,\"valueName\":\"search_term_string\"}}],\"inLanguage\":\"es\"},{\"@type\":\"Organization\",\"@id\":\"https:\\\/\\\/accionclimaticaplaca.org\\\/#organization\",\"name\":\"Food and Agriculture Organization\",\"url\":\"https:\\\/\\\/accionclimaticaplaca.org\\\/\",\"logo\":{\"@type\":\"ImageObject\",\"inLanguage\":\"es\",\"@id\":\"https:\\\/\\\/accionclimaticaplaca.org\\\/#\\\/schema\\\/logo\\\/image\\\/\",\"url\":\"https:\\\/\\\/accionclimaticaplaca.org\\\/wp-content\\\/uploads\\\/2021\\\/11\\\/gif_placa_esp.gif\",\"contentUrl\":\"https:\\\/\\\/accionclimaticaplaca.org\\\/wp-content\\\/uploads\\\/2021\\\/11\\\/gif_placa_esp.gif\",\"width\":1000,\"height\":1000,\"caption\":\"Food and Agriculture Organization\"},\"image\":{\"@id\":\"https:\\\/\\\/accionclimaticaplaca.org\\\/#\\\/schema\\\/logo\\\/image\\\/\"}}]}<\/script>\n<!-- \/ Yoast SEO plugin. -->","yoast_head_json":{"title":"Soluciones tecnol\u00f3gicas de bajo costo y\/o basadas en recursos locales - Plataforma de Acci\u00f3n Clim\u00e1tica PLACA","robots":{"index":"index","follow":"follow","max-snippet":"max-snippet:-1","max-image-preview":"max-image-preview:large","max-video-preview":"max-video-preview:-1"},"canonical":"https:\/\/accionclimaticaplaca.org\/es\/soluciones-tecnologicas-de-bajo-costo-y-o-basadas-en-recursos-locales\/","og_locale":"es_ES","og_type":"article","og_title":"Soluciones tecnol\u00f3gicas de bajo costo y\/o basadas en recursos locales - Plataforma de Acci\u00f3n Clim\u00e1tica PLACA","og_url":"https:\/\/accionclimaticaplaca.org\/es\/soluciones-tecnologicas-de-bajo-costo-y-o-basadas-en-recursos-locales\/","og_site_name":"Plataforma de Acci\u00f3n Clim\u00e1tica PLACA","article_modified_time":"2022-10-20T13:29:37+00:00","og_image":[{"url":"https:\/\/padlet.net\/embeds\/made_with_padlet_2022.png","type":"","width":"","height":""}],"twitter_card":"summary_large_image","schema":{"@context":"https:\/\/schema.org","@graph":[{"@type":"WebPage","@id":"https:\/\/accionclimaticaplaca.org\/soluciones-tecnologicas-de-bajo-costo-y-o-basadas-en-recursos-locales\/","url":"https:\/\/accionclimaticaplaca.org\/soluciones-tecnologicas-de-bajo-costo-y-o-basadas-en-recursos-locales\/","name":"Soluciones tecnol\u00f3gicas de bajo costo y\/o basadas en recursos locales - Plataforma de Acci\u00f3n Clim\u00e1tica PLACA","isPartOf":{"@id":"https:\/\/accionclimaticaplaca.org\/#website"},"primaryImageOfPage":{"@id":"https:\/\/accionclimaticaplaca.org\/soluciones-tecnologicas-de-bajo-costo-y-o-basadas-en-recursos-locales\/#primaryimage"},"image":{"@id":"https:\/\/accionclimaticaplaca.org\/soluciones-tecnologicas-de-bajo-costo-y-o-basadas-en-recursos-locales\/#primaryimage"},"thumbnailUrl":"https:\/\/padlet.net\/embeds\/made_with_padlet_2022.png","datePublished":"2022-10-20T13:23:15+00:00","dateModified":"2022-10-20T13:29:37+00:00","breadcrumb":{"@id":"https:\/\/accionclimaticaplaca.org\/soluciones-tecnologicas-de-bajo-costo-y-o-basadas-en-recursos-locales\/#breadcrumb"},"inLanguage":"es","potentialAction":[{"@type":"ReadAction","target":["https:\/\/accionclimaticaplaca.org\/soluciones-tecnologicas-de-bajo-costo-y-o-basadas-en-recursos-locales\/"]}]},{"@type":"ImageObject","inLanguage":"es","@id":"https:\/\/accionclimaticaplaca.org\/soluciones-tecnologicas-de-bajo-costo-y-o-basadas-en-recursos-locales\/#primaryimage","url":"https:\/\/padlet.net\/embeds\/made_with_padlet_2022.png","contentUrl":"https:\/\/padlet.net\/embeds\/made_with_padlet_2022.png"},{"@type":"BreadcrumbList","@id":"https:\/\/accionclimaticaplaca.org\/soluciones-tecnologicas-de-bajo-costo-y-o-basadas-en-recursos-locales\/#breadcrumb","itemListElement":[{"@type":"ListItem","position":1,"name":"Portada","item":"https:\/\/accionclimaticaplaca.org\/"},{"@type":"ListItem","position":2,"name":"Soluciones tecnol\u00f3gicas de bajo costo y\/o basadas en recursos locales"}]},{"@type":"WebSite","@id":"https:\/\/accionclimaticaplaca.org\/#website","url":"https:\/\/accionclimaticaplaca.org\/","name":"Plataforma de Acci\u00f3n Clim\u00e1tica PLACA","description":"Plataforma de Acci\u00f3n Clim\u00e1tica en Agricultura de Latinoam\u00e9rica y El Caribe","publisher":{"@id":"https:\/\/accionclimaticaplaca.org\/#organization"},"potentialAction":[{"@type":"SearchAction","target":{"@type":"EntryPoint","urlTemplate":"https:\/\/accionclimaticaplaca.org\/?s={search_term_string}"},"query-input":{"@type":"PropertyValueSpecification","valueRequired":true,"valueName":"search_term_string"}}],"inLanguage":"es"},{"@type":"Organization","@id":"https:\/\/accionclimaticaplaca.org\/#organization","name":"Food and Agriculture Organization","url":"https:\/\/accionclimaticaplaca.org\/","logo":{"@type":"ImageObject","inLanguage":"es","@id":"https:\/\/accionclimaticaplaca.org\/#\/schema\/logo\/image\/","url":"https:\/\/accionclimaticaplaca.org\/wp-content\/uploads\/2021\/11\/gif_placa_esp.gif","contentUrl":"https:\/\/accionclimaticaplaca.org\/wp-content\/uploads\/2021\/11\/gif_placa_esp.gif","width":1000,"height":1000,"caption":"Food and Agriculture Organization"},"image":{"@id":"https:\/\/accionclimaticaplaca.org\/#\/schema\/logo\/image\/"}}]}},"_links":{"self":[{"href":"https:\/\/accionclimaticaplaca.org\/es\/wp-json\/wp\/v2\/pages\/7148","targetHints":{"allow":["GET"]}}],"collection":[{"href":"https:\/\/accionclimaticaplaca.org\/es\/wp-json\/wp\/v2\/pages"}],"about":[{"href":"https:\/\/accionclimaticaplaca.org\/es\/wp-json\/wp\/v2\/types\/page"}],"author":[{"embeddable":true,"href":"https:\/\/accionclimaticaplaca.org\/es\/wp-json\/wp\/v2\/users\/1"}],"replies":[{"embeddable":true,"href":"https:\/\/accionclimaticaplaca.org\/es\/wp-json\/wp\/v2\/comments?post=7148"}],"version-history":[{"count":17,"href":"https:\/\/accionclimaticaplaca.org\/es\/wp-json\/wp\/v2\/pages\/7148\/revisions"}],"predecessor-version":[{"id":7168,"href":"https:\/\/accionclimaticaplaca.org\/es\/wp-json\/wp\/v2\/pages\/7148\/revisions\/7168"}],"wp:attachment":[{"href":"https:\/\/accionclimaticaplaca.org\/es\/wp-json\/wp\/v2\/media?parent=7148"}],"curies":[{"name":"wp","href":"https:\/\/api.w.org\/{rel}","templated":true}]}}