{"id":132,"date":"2021-07-21T09:12:42","date_gmt":"2021-07-21T13:12:42","guid":{"rendered":"https:\/\/accionclimaticaplaca.org\/blog\/"},"modified":"2021-08-16T07:53:47","modified_gmt":"2021-08-16T11:53:47","slug":"blog","status":"publish","type":"page","link":"https:\/\/accionclimaticaplaca.org\/es\/blog\/","title":{"rendered":"Noticias"},"content":{"rendered":"\t\t<div data-elementor-type=\"wp-page\" data-elementor-id=\"132\" class=\"elementor elementor-132\" data-elementor-post-type=\"page\">\n\t\t\t\t\t\t<section class=\"elementor-section elementor-top-section elementor-element elementor-element-ee9811d elementor-section-height-min-height elementor-section-boxed elementor-section-height-default elementor-section-items-middle\" data-id=\"ee9811d\" data-element_type=\"section\" data-e-type=\"section\" data-settings=\"{&quot;background_background&quot;:&quot;classic&quot;}\">\n\t\t\t\t\t\t<div class=\"elementor-container elementor-column-gap-default\">\n\t\t\t\t\t<div class=\"elementor-column elementor-col-100 elementor-top-column elementor-element elementor-element-93f8653\" data-id=\"93f8653\" data-element_type=\"column\" data-e-type=\"column\">\n\t\t\t<div class=\"elementor-widget-wrap elementor-element-populated\">\n\t\t\t\t\t\t<div class=\"elementor-element elementor-element-7bd8a83 elementor-widget elementor-widget-spacer\" data-id=\"7bd8a83\" data-element_type=\"widget\" data-e-type=\"widget\" data-widget_type=\"spacer.default\">\n\t\t\t\t<div class=\"elementor-widget-container\">\n\t\t\t\t\t\t\t<div class=\"elementor-spacer\">\n\t\t\t<div class=\"elementor-spacer-inner\"><\/div>\n\t\t<\/div>\n\t\t\t\t\t\t<\/div>\n\t\t\t\t<\/div>\n\t\t\t\t<div class=\"elementor-element elementor-element-d7b3e3d elementor-widget elementor-widget-heading\" data-id=\"d7b3e3d\" data-element_type=\"widget\" data-e-type=\"widget\" data-widget_type=\"heading.default\">\n\t\t\t\t<div class=\"elementor-widget-container\">\n\t\t\t\t\t<h2 class=\"elementor-heading-title elementor-size-default\">Noticias<\/h2>\t\t\t\t<\/div>\n\t\t\t\t<\/div>\n\t\t\t\t<div class=\"elementor-element elementor-element-dfec46e elementor-widget elementor-widget-spacer\" data-id=\"dfec46e\" data-element_type=\"widget\" data-e-type=\"widget\" data-widget_type=\"spacer.default\">\n\t\t\t\t<div class=\"elementor-widget-container\">\n\t\t\t\t\t\t\t<div class=\"elementor-spacer\">\n\t\t\t<div class=\"elementor-spacer-inner\"><\/div>\n\t\t<\/div>\n\t\t\t\t\t\t<\/div>\n\t\t\t\t<\/div>\n\t\t\t\t\t<\/div>\n\t\t<\/div>\n\t\t\t\t\t<\/div>\n\t\t<\/section>\n\t\t\t\t<section class=\"elementor-section elementor-top-section elementor-element elementor-element-q17oxqq elementor-section-boxed elementor-section-height-default elementor-section-height-default\" data-id=\"q17oxqq\" data-element_type=\"section\" data-e-type=\"section\">\n\t\t\t\t\t\t<div class=\"elementor-container elementor-column-gap-default\">\n\t\t\t\t\t<div class=\"elementor-column elementor-col-100 elementor-top-column elementor-element elementor-element-q0ecg9x\" data-id=\"q0ecg9x\" data-element_type=\"column\" data-e-type=\"column\">\n\t\t\t<div class=\"elementor-widget-wrap elementor-element-populated\">\n\t\t\t\t\t\t<div class=\"elementor-element elementor-element-782ghrj elementor-widget elementor-widget-case27-blog-feed-widget\" data-id=\"782ghrj\" data-element_type=\"widget\" data-e-type=\"widget\" data-widget_type=\"case27-blog-feed-widget.default\">\n\t\t\t\t<div class=\"elementor-widget-container\">\n\t\t\t\t\t\r\n<section class=\"i-section\">\r\n\t<div class=\"container-fluid\">\r\n\r\n\t\t\r\n\t\t\t<div class=\"row section-body grid\">\r\n\r\n\t\t\t\t\r\n<div class=\"col-md-4 col-sm-6 col-xs-12\">\r\n    <div class=\"single-blog-feed grid-item\">\r\n        <div class=\"sbf-container\">\r\n            <div class=\"lf-head\">\r\n                <div class=\"lf-head-btn event-date\">\r\n                    <span class=\"e-month\">Feb<\/span>\r\n                    <span class=\"e-day\">26<\/span>\r\n                <\/div>\r\n                            <\/div>\r\n            <div class=\"sbf-thumb\">\r\n                <a href=\"https:\/\/accionclimaticaplaca.org\/es\/placa-fortalece-la-articulacion-regional-para-impulsar-ndc-agrarias\/\">\r\n                    <div class=\"overlay\"><\/div>\r\n                                            <div class=\"sbf-background\" style=\"background-image: url('https:\/\/accionclimaticaplaca.org\/wp-content\/uploads\/2026\/04\/Panorama-regional-para-planificar-ejecutar-y-evaluar-medidas-NDC-del-sector-agrario-con-participacion-activa-de-mujeres-e1775029881181-1024x461.jpeg')\"><\/div>\r\n                                    <\/a>\r\n            <\/div>\r\n            <div class=\"sbf-title\">\r\n                <a href=\"https:\/\/accionclimaticaplaca.org\/es\/placa-fortalece-la-articulacion-regional-para-impulsar-ndc-agrarias\/\" class=\"case27-primary-text\">PLACA fortalece la articulaci\u00f3n regional para impulsar NDC agrarias<\/a>\r\n                <p>Durante el evento \u201cBioeconom\u00eda y cambio clim\u00e1tico en el A\u00f1o Internacional de la&hellip;<\/p>\r\n            <\/div>\r\n\r\n            <div class=\"listing-details\">\r\n                <ul class=\"c27-listing-preview-category-list\">\r\n                    \r\n                        <li>\r\n                            <a href=\"https:\/\/accionclimaticaplaca.org\/es\/post-category\/noticias\/\">\r\n                                <span class=\"cat-icon\" style=\"background-color: #74c3d5;\">\r\n                                    \t\t\t<i class=\"mi bookmark_border\" style=\"color: #fff; \"><\/i>\r\n\t\t                                <\/span>\r\n                                <span class=\"category-name\">Noticias<\/span>\r\n                            <\/a>\r\n                        <\/li>\r\n\r\n                                                                    <\/ul>\r\n                <\/div>\r\n            <\/div>\r\n    <\/div>\r\n<\/div>\t\t\t\t\r\n<div class=\"col-md-4 col-sm-6 col-xs-12\">\r\n    <div class=\"single-blog-feed grid-item\">\r\n        <div class=\"sbf-container\">\r\n            <div class=\"lf-head\">\r\n                <div class=\"lf-head-btn event-date\">\r\n                    <span class=\"e-month\">Feb<\/span>\r\n                    <span class=\"e-day\">24<\/span>\r\n                <\/div>\r\n                            <\/div>\r\n            <div class=\"sbf-thumb\">\r\n                <a href=\"https:\/\/accionclimaticaplaca.org\/es\/dialogo-regional-en-alc-aborda-la-tenencia-del-agua-como-eje-para-la-seguridad-alimentaria-y-resiliencia-climatica\/\">\r\n                    <div class=\"overlay\"><\/div>\r\n                                            <div class=\"sbf-background\" style=\"background-image: url('https:\/\/accionclimaticaplaca.org\/wp-content\/uploads\/2026\/02\/Dialogo-Regional-sobre-la-Tenencia-del-Agua.jpg')\"><\/div>\r\n                                    <\/a>\r\n            <\/div>\r\n            <div class=\"sbf-title\">\r\n                <a href=\"https:\/\/accionclimaticaplaca.org\/es\/dialogo-regional-en-alc-aborda-la-tenencia-del-agua-como-eje-para-la-seguridad-alimentaria-y-resiliencia-climatica\/\" class=\"case27-primary-text\">Di\u00e1logo regional en Am\u00e9rica Latina y el Caribe aborda la tenencia del agua como eje para la seguridad alimentaria y resiliencia clim\u00e1tica<\/a>\r\n                <p>Entre el 10 y 11 de febrero, en Ciudad de Panam\u00e1, se llev\u00f3 a cabo el Di\u00e1logo Regional&hellip;<\/p>\r\n            <\/div>\r\n\r\n            <div class=\"listing-details\">\r\n                <ul class=\"c27-listing-preview-category-list\">\r\n                    \r\n                        <li>\r\n                            <a href=\"https:\/\/accionclimaticaplaca.org\/es\/post-category\/noticias\/\">\r\n                                <span class=\"cat-icon\" style=\"background-color: #74c3d5;\">\r\n                                    \t\t\t<i class=\"mi bookmark_border\" style=\"color: #fff; \"><\/i>\r\n\t\t                                <\/span>\r\n                                <span class=\"category-name\">Noticias<\/span>\r\n                            <\/a>\r\n                        <\/li>\r\n\r\n                                                                    <\/ul>\r\n                <\/div>\r\n            <\/div>\r\n    <\/div>\r\n<\/div>\t\t\t\t\r\n<div class=\"col-md-4 col-sm-6 col-xs-12\">\r\n    <div class=\"single-blog-feed grid-item\">\r\n        <div class=\"sbf-container\">\r\n            <div class=\"lf-head\">\r\n                <div class=\"lf-head-btn event-date\">\r\n                    <span class=\"e-month\">Nov<\/span>\r\n                    <span class=\"e-day\">26<\/span>\r\n                <\/div>\r\n                            <\/div>\r\n            <div class=\"sbf-thumb\">\r\n                <a href=\"https:\/\/accionclimaticaplaca.org\/es\/fao-impulsa-una-agenda-climatica-de-alto-nivel-en-la-cop30\/\">\r\n                    <div class=\"overlay\"><\/div>\r\n                                            <div class=\"sbf-background\" style=\"background-image: url('https:\/\/accionclimaticaplaca.org\/wp-content\/uploads\/2025\/12\/54909349098_925b5bc2d8_o-1-1024x439.jpg')\"><\/div>\r\n                                    <\/a>\r\n            <\/div>\r\n            <div class=\"sbf-title\">\r\n                <a href=\"https:\/\/accionclimaticaplaca.org\/es\/fao-impulsa-una-agenda-climatica-de-alto-nivel-en-la-cop30\/\" class=\"case27-primary-text\">FAO impulsa una agenda clim\u00e1tica de alto nivel en la COP30 para transformar los sistemas alimentarios de Am\u00e9rica Latina y el Caribe<\/a>\r\n                <p>La FAO llev\u00f3 a la COP30 una agenda marcada por el nexo agua-alimentos, la acci\u00f3n&hellip;<\/p>\r\n            <\/div>\r\n\r\n            <div class=\"listing-details\">\r\n                <ul class=\"c27-listing-preview-category-list\">\r\n                    \r\n                        <li>\r\n                            <a href=\"https:\/\/accionclimaticaplaca.org\/es\/post-category\/noticias\/\">\r\n                                <span class=\"cat-icon\" style=\"background-color: #74c3d5;\">\r\n                                    \t\t\t<i class=\"mi bookmark_border\" style=\"color: #fff; \"><\/i>\r\n\t\t                                <\/span>\r\n                                <span class=\"category-name\">Noticias<\/span>\r\n                            <\/a>\r\n                        <\/li>\r\n\r\n                                                                    <\/ul>\r\n                <\/div>\r\n            <\/div>\r\n    <\/div>\r\n<\/div>\t\t\t\t\r\n<div class=\"col-md-4 col-sm-6 col-xs-12\">\r\n    <div class=\"single-blog-feed grid-item\">\r\n        <div class=\"sbf-container\">\r\n            <div class=\"lf-head\">\r\n                <div class=\"lf-head-btn event-date\">\r\n                    <span class=\"e-month\">Nov<\/span>\r\n                    <span class=\"e-day\">11<\/span>\r\n                <\/div>\r\n                            <\/div>\r\n            <div class=\"sbf-thumb\">\r\n                <a href=\"https:\/\/accionclimaticaplaca.org\/es\/placa-publica-glosario-regional-para-fortalecer-un-lenguaje-comun-en-accion-climatica-y-agricultura\/\">\r\n                    <div class=\"overlay\"><\/div>\r\n                                            <div class=\"sbf-background\" style=\"background-image: url('https:\/\/accionclimaticaplaca.org\/wp-content\/uploads\/2025\/11\/Captura-de-pantalla-2025-11-11-202009-1024x679.png')\"><\/div>\r\n                                    <\/a>\r\n            <\/div>\r\n            <div class=\"sbf-title\">\r\n                <a href=\"https:\/\/accionclimaticaplaca.org\/es\/placa-publica-glosario-regional-para-fortalecer-un-lenguaje-comun-en-accion-climatica-y-agricultura\/\" class=\"case27-primary-text\">PLACA publica glosario regional para fortalecer un lenguaje com\u00fan en acci\u00f3n clim\u00e1tica y agricultura<\/a>\r\n                <p>Esta herramienta fue desarrollada por profesionales de los Ministerios de Agricultura&hellip;<\/p>\r\n            <\/div>\r\n\r\n            <div class=\"listing-details\">\r\n                <ul class=\"c27-listing-preview-category-list\">\r\n                    \r\n                        <li>\r\n                            <a href=\"https:\/\/accionclimaticaplaca.org\/es\/post-category\/noticias\/\">\r\n                                <span class=\"cat-icon\" style=\"background-color: #74c3d5;\">\r\n                                    \t\t\t<i class=\"mi bookmark_border\" style=\"color: #fff; \"><\/i>\r\n\t\t                                <\/span>\r\n                                <span class=\"category-name\">Noticias<\/span>\r\n                            <\/a>\r\n                        <\/li>\r\n\r\n                                                                    <\/ul>\r\n                <\/div>\r\n            <\/div>\r\n    <\/div>\r\n<\/div>\t\t\t\t\r\n<div class=\"col-md-4 col-sm-6 col-xs-12\">\r\n    <div class=\"single-blog-feed grid-item\">\r\n        <div class=\"sbf-container\">\r\n            <div class=\"lf-head\">\r\n                <div class=\"lf-head-btn event-date\">\r\n                    <span class=\"e-month\">Oct<\/span>\r\n                    <span class=\"e-day\">21<\/span>\r\n                <\/div>\r\n                            <\/div>\r\n            <div class=\"sbf-thumb\">\r\n                <a href=\"https:\/\/accionclimaticaplaca.org\/es\/fao-y-paises-de-alc-impulsan-agendas-climatica-y-agricola-para-la-cop30\/\">\r\n                    <div class=\"overlay\"><\/div>\r\n                                            <div class=\"sbf-background\" style=\"background-image: url('https:\/\/accionclimaticaplaca.org\/wp-content\/uploads\/2025\/10\/54135265162_64b04aa1f0_k-1024x683.jpg')\"><\/div>\r\n                                    <\/a>\r\n            <\/div>\r\n            <div class=\"sbf-title\">\r\n                <a href=\"https:\/\/accionclimaticaplaca.org\/es\/fao-y-paises-de-alc-impulsan-agendas-climatica-y-agricola-para-la-cop30\/\" class=\"case27-primary-text\">FAO y pa\u00edses de Am\u00e9rica Latina y el Caribe impulsan agendas clim\u00e1tica y agr\u00edcola para la COP30 \u00a0<\/a>\r\n                <p>PLACA con la asistencia de la Organizaci\u00f3n de las Naciones Unidas para la Alimentaci\u00f3n&hellip;<\/p>\r\n            <\/div>\r\n\r\n            <div class=\"listing-details\">\r\n                <ul class=\"c27-listing-preview-category-list\">\r\n                    \r\n                        <li>\r\n                            <a href=\"https:\/\/accionclimaticaplaca.org\/es\/post-category\/noticias\/\">\r\n                                <span class=\"cat-icon\" style=\"background-color: #74c3d5;\">\r\n                                    \t\t\t<i class=\"mi bookmark_border\" style=\"color: #fff; \"><\/i>\r\n\t\t                                <\/span>\r\n                                <span class=\"category-name\">Noticias<\/span>\r\n                            <\/a>\r\n                        <\/li>\r\n\r\n                                                                    <\/ul>\r\n                <\/div>\r\n            <\/div>\r\n    <\/div>\r\n<\/div>\t\t\t\t\r\n<div class=\"col-md-4 col-sm-6 col-xs-12\">\r\n    <div class=\"single-blog-feed grid-item\">\r\n        <div class=\"sbf-container\">\r\n            <div class=\"lf-head\">\r\n                <div class=\"lf-head-btn event-date\">\r\n                    <span class=\"e-month\">Jul<\/span>\r\n                    <span class=\"e-day\">24<\/span>\r\n                <\/div>\r\n                            <\/div>\r\n            <div class=\"sbf-thumb\">\r\n                <a href=\"https:\/\/accionclimaticaplaca.org\/es\/placa-genera-propuestas-concretas-en-accion-climatica-en-agricultura-de-cara-a-la-cop30\/\">\r\n                    <div class=\"overlay\"><\/div>\r\n                                            <div class=\"sbf-background\" style=\"background-image: url('https:\/\/accionclimaticaplaca.org\/wp-content\/uploads\/2025\/07\/Captura-de-pantalla-2025-07-28-233428-1024x294.png')\"><\/div>\r\n                                    <\/a>\r\n            <\/div>\r\n            <div class=\"sbf-title\">\r\n                <a href=\"https:\/\/accionclimaticaplaca.org\/es\/placa-genera-propuestas-concretas-en-accion-climatica-en-agricultura-de-cara-a-la-cop30\/\" class=\"case27-primary-text\">PLACA genera propuestas concretas en acci\u00f3n clim\u00e1tica en agricultura de cara a la COP30<\/a>\r\n                <p>Con el apoyo de la FAO, la plataforma de acci\u00f3n clim\u00e1tica concluy\u00f3 su asamblea anual&hellip;<\/p>\r\n            <\/div>\r\n\r\n            <div class=\"listing-details\">\r\n                <ul class=\"c27-listing-preview-category-list\">\r\n                    \r\n                        <li>\r\n                            <a href=\"https:\/\/accionclimaticaplaca.org\/es\/post-category\/noticias\/\">\r\n                                <span class=\"cat-icon\" style=\"background-color: #74c3d5;\">\r\n                                    \t\t\t<i class=\"mi bookmark_border\" style=\"color: #fff; \"><\/i>\r\n\t\t                                <\/span>\r\n                                <span class=\"category-name\">Noticias<\/span>\r\n                            <\/a>\r\n                        <\/li>\r\n\r\n                                                                    <\/ul>\r\n                <\/div>\r\n            <\/div>\r\n    <\/div>\r\n<\/div>\t\t\t\t\r\n\t\t\t<\/div>\r\n\r\n\t\t\t<div class=\"blog-footer\">\r\n\r\n\t\t\t\t\r\n\t\t\t\t\t<div class=\"row project-changer\">\r\n\t\t\t\t\t\t<div class=\"text-center\">\r\n\t\t\t\t\t\t\t<span aria-current=\"page\" class=\"page-numbers current\">1<\/span>\n<a class=\"page-numbers\" href=\"https:\/\/accionclimaticaplaca.org\/es\/wp-json\/wp\/v2\/pages\/132\/?paged=2\">2<\/a>\n<a class=\"page-numbers\" href=\"https:\/\/accionclimaticaplaca.org\/es\/wp-json\/wp\/v2\/pages\/132\/?paged=3\">3<\/a>\n<span class=\"page-numbers dots\">&hellip;<\/span>\n<a class=\"page-numbers\" href=\"https:\/\/accionclimaticaplaca.org\/es\/wp-json\/wp\/v2\/pages\/132\/?paged=9\">9<\/a>\n<a class=\"next page-numbers\" href=\"https:\/\/accionclimaticaplaca.org\/es\/wp-json\/wp\/v2\/pages\/132\/?paged=2\">Siguiente &raquo;<\/a>\t\t\t\t\t\t\t<\/div>\r\n\t\t\t\t\t\t<\/div>\r\n\r\n\t\t\t\t\r\n\t\t\t<\/div>\r\n\r\n\t\t\t\t\t\t\t\t\r\n\t<\/div>\r\n<\/section>\t\t\t\t<\/div>\n\t\t\t\t<\/div>\n\t\t\t\t\t<\/div>\n\t\t<\/div>\n\t\t\t\t\t<\/div>\n\t\t<\/section>\n\t\t\t\t<\/div>\n\t\t","protected":false},"excerpt":{"rendered":"<p>Noticias<\/p>\n","protected":false},"author":1,"featured_media":0,"parent":0,"menu_order":0,"comment_status":"closed","ping_status":"closed","template":"","meta":{"_monsterinsights_skip_tracking":false,"_monsterinsights_sitenote_active":false,"_monsterinsights_sitenote_note":"","_monsterinsights_sitenote_category":0,"footnotes":""},"class_list":["post-132","page","type-page","status-publish","hentry"],"yoast_head":"<!-- This site is optimized with the Yoast SEO plugin v27.3 - https:\/\/yoast.com\/product\/yoast-seo-wordpress\/ -->\n<title>Noticias - Plataforma de Acci\u00f3n Clim\u00e1tica PLACA<\/title>\n<meta name=\"robots\" content=\"index, follow, max-snippet:-1, max-image-preview:large, max-video-preview:-1\" \/>\n<link rel=\"canonical\" href=\"https:\/\/accionclimaticaplaca.org\/es\/blog\/\" \/>\n<meta property=\"og:locale\" content=\"es_ES\" \/>\n<meta property=\"og:type\" content=\"article\" \/>\n<meta property=\"og:title\" content=\"Noticias - Plataforma de Acci\u00f3n Clim\u00e1tica PLACA\" \/>\n<meta property=\"og:description\" content=\"Noticias\" \/>\n<meta property=\"og:url\" content=\"https:\/\/accionclimaticaplaca.org\/es\/blog\/\" \/>\n<meta property=\"og:site_name\" content=\"Plataforma de Acci\u00f3n Clim\u00e1tica PLACA\" \/>\n<meta property=\"article:modified_time\" content=\"2021-08-16T11:53:47+00:00\" \/>\n<meta name=\"twitter:card\" content=\"summary_large_image\" \/>\n<script type=\"application\/ld+json\" class=\"yoast-schema-graph\">{\"@context\":\"https:\\\/\\\/schema.org\",\"@graph\":[{\"@type\":\"WebPage\",\"@id\":\"https:\\\/\\\/accionclimaticaplaca.org\\\/blog\\\/\",\"url\":\"https:\\\/\\\/accionclimaticaplaca.org\\\/blog\\\/\",\"name\":\"Noticias - Plataforma de Acci\u00f3n Clim\u00e1tica PLACA\",\"isPartOf\":{\"@id\":\"https:\\\/\\\/accionclimaticaplaca.org\\\/#website\"},\"datePublished\":\"2021-07-21T13:12:42+00:00\",\"dateModified\":\"2021-08-16T11:53:47+00:00\",\"breadcrumb\":{\"@id\":\"https:\\\/\\\/accionclimaticaplaca.org\\\/blog\\\/#breadcrumb\"},\"inLanguage\":\"es\",\"potentialAction\":[{\"@type\":\"ReadAction\",\"target\":[\"https:\\\/\\\/accionclimaticaplaca.org\\\/blog\\\/\"]}]},{\"@type\":\"BreadcrumbList\",\"@id\":\"https:\\\/\\\/accionclimaticaplaca.org\\\/blog\\\/#breadcrumb\",\"itemListElement\":[{\"@type\":\"ListItem\",\"position\":1,\"name\":\"Portada\",\"item\":\"https:\\\/\\\/accionclimaticaplaca.org\\\/\"},{\"@type\":\"ListItem\",\"position\":2,\"name\":\"Noticias\"}]},{\"@type\":\"WebSite\",\"@id\":\"https:\\\/\\\/accionclimaticaplaca.org\\\/#website\",\"url\":\"https:\\\/\\\/accionclimaticaplaca.org\\\/\",\"name\":\"Plataforma de Acci\u00f3n Clim\u00e1tica PLACA\",\"description\":\"Plataforma de Acci\u00f3n Clim\u00e1tica en Agricultura de Latinoam\u00e9rica y El Caribe\",\"publisher\":{\"@id\":\"https:\\\/\\\/accionclimaticaplaca.org\\\/#organization\"},\"potentialAction\":[{\"@type\":\"SearchAction\",\"target\":{\"@type\":\"EntryPoint\",\"urlTemplate\":\"https:\\\/\\\/accionclimaticaplaca.org\\\/?s={search_term_string}\"},\"query-input\":{\"@type\":\"PropertyValueSpecification\",\"valueRequired\":true,\"valueName\":\"search_term_string\"}}],\"inLanguage\":\"es\"},{\"@type\":\"Organization\",\"@id\":\"https:\\\/\\\/accionclimaticaplaca.org\\\/#organization\",\"name\":\"Food and Agriculture Organization\",\"url\":\"https:\\\/\\\/accionclimaticaplaca.org\\\/\",\"logo\":{\"@type\":\"ImageObject\",\"inLanguage\":\"es\",\"@id\":\"https:\\\/\\\/accionclimaticaplaca.org\\\/#\\\/schema\\\/logo\\\/image\\\/\",\"url\":\"https:\\\/\\\/accionclimaticaplaca.org\\\/wp-content\\\/uploads\\\/2021\\\/11\\\/gif_placa_esp.gif\",\"contentUrl\":\"https:\\\/\\\/accionclimaticaplaca.org\\\/wp-content\\\/uploads\\\/2021\\\/11\\\/gif_placa_esp.gif\",\"width\":1000,\"height\":1000,\"caption\":\"Food and Agriculture Organization\"},\"image\":{\"@id\":\"https:\\\/\\\/accionclimaticaplaca.org\\\/#\\\/schema\\\/logo\\\/image\\\/\"}}]}<\/script>\n<!-- \/ Yoast SEO plugin. -->","yoast_head_json":{"title":"Noticias - Plataforma de Acci\u00f3n Clim\u00e1tica PLACA","robots":{"index":"index","follow":"follow","max-snippet":"max-snippet:-1","max-image-preview":"max-image-preview:large","max-video-preview":"max-video-preview:-1"},"canonical":"https:\/\/accionclimaticaplaca.org\/es\/blog\/","og_locale":"es_ES","og_type":"article","og_title":"Noticias - Plataforma de Acci\u00f3n Clim\u00e1tica PLACA","og_description":"Noticias","og_url":"https:\/\/accionclimaticaplaca.org\/es\/blog\/","og_site_name":"Plataforma de Acci\u00f3n Clim\u00e1tica PLACA","article_modified_time":"2021-08-16T11:53:47+00:00","twitter_card":"summary_large_image","schema":{"@context":"https:\/\/schema.org","@graph":[{"@type":"WebPage","@id":"https:\/\/accionclimaticaplaca.org\/blog\/","url":"https:\/\/accionclimaticaplaca.org\/blog\/","name":"Noticias - Plataforma de Acci\u00f3n Clim\u00e1tica PLACA","isPartOf":{"@id":"https:\/\/accionclimaticaplaca.org\/#website"},"datePublished":"2021-07-21T13:12:42+00:00","dateModified":"2021-08-16T11:53:47+00:00","breadcrumb":{"@id":"https:\/\/accionclimaticaplaca.org\/blog\/#breadcrumb"},"inLanguage":"es","potentialAction":[{"@type":"ReadAction","target":["https:\/\/accionclimaticaplaca.org\/blog\/"]}]},{"@type":"BreadcrumbList","@id":"https:\/\/accionclimaticaplaca.org\/blog\/#breadcrumb","itemListElement":[{"@type":"ListItem","position":1,"name":"Portada","item":"https:\/\/accionclimaticaplaca.org\/"},{"@type":"ListItem","position":2,"name":"Noticias"}]},{"@type":"WebSite","@id":"https:\/\/accionclimaticaplaca.org\/#website","url":"https:\/\/accionclimaticaplaca.org\/","name":"Plataforma de Acci\u00f3n Clim\u00e1tica PLACA","description":"Plataforma de Acci\u00f3n Clim\u00e1tica en Agricultura de Latinoam\u00e9rica y El Caribe","publisher":{"@id":"https:\/\/accionclimaticaplaca.org\/#organization"},"potentialAction":[{"@type":"SearchAction","target":{"@type":"EntryPoint","urlTemplate":"https:\/\/accionclimaticaplaca.org\/?s={search_term_string}"},"query-input":{"@type":"PropertyValueSpecification","valueRequired":true,"valueName":"search_term_string"}}],"inLanguage":"es"},{"@type":"Organization","@id":"https:\/\/accionclimaticaplaca.org\/#organization","name":"Food and Agriculture Organization","url":"https:\/\/accionclimaticaplaca.org\/","logo":{"@type":"ImageObject","inLanguage":"es","@id":"https:\/\/accionclimaticaplaca.org\/#\/schema\/logo\/image\/","url":"https:\/\/accionclimaticaplaca.org\/wp-content\/uploads\/2021\/11\/gif_placa_esp.gif","contentUrl":"https:\/\/accionclimaticaplaca.org\/wp-content\/uploads\/2021\/11\/gif_placa_esp.gif","width":1000,"height":1000,"caption":"Food and Agriculture Organization"},"image":{"@id":"https:\/\/accionclimaticaplaca.org\/#\/schema\/logo\/image\/"}}]}},"_links":{"self":[{"href":"https:\/\/accionclimaticaplaca.org\/es\/wp-json\/wp\/v2\/pages\/132","targetHints":{"allow":["GET"]}}],"collection":[{"href":"https:\/\/accionclimaticaplaca.org\/es\/wp-json\/wp\/v2\/pages"}],"about":[{"href":"https:\/\/accionclimaticaplaca.org\/es\/wp-json\/wp\/v2\/types\/page"}],"author":[{"embeddable":true,"href":"https:\/\/accionclimaticaplaca.org\/es\/wp-json\/wp\/v2\/users\/1"}],"replies":[{"embeddable":true,"href":"https:\/\/accionclimaticaplaca.org\/es\/wp-json\/wp\/v2\/comments?post=132"}],"version-history":[{"count":11,"href":"https:\/\/accionclimaticaplaca.org\/es\/wp-json\/wp\/v2\/pages\/132\/revisions"}],"predecessor-version":[{"id":12136,"href":"https:\/\/accionclimaticaplaca.org\/es\/wp-json\/wp\/v2\/pages\/132\/revisions\/12136"}],"wp:attachment":[{"href":"https:\/\/accionclimaticaplaca.org\/es\/wp-json\/wp\/v2\/media?parent=132"}],"curies":[{"name":"wp","href":"https:\/\/api.w.org\/{rel}","templated":true}]}}