{"id":235,"date":"2021-07-21T18:15:52","date_gmt":"2021-07-21T22:15:52","guid":{"rendered":"https:\/\/accionclimaticaplaca.org\/?page_id=235"},"modified":"2022-11-14T14:04:43","modified_gmt":"2022-11-14T18:04:43","slug":"contacto","status":"publish","type":"page","link":"https:\/\/accionclimaticaplaca.org\/en\/contacto\/","title":{"rendered":"Contact Us"},"content":{"rendered":"<div data-elementor-type=\"wp-page\" data-elementor-id=\"235\" class=\"elementor elementor-235\" data-elementor-post-type=\"page\">\n\t\t\t\t\t\t<section class=\"elementor-section elementor-top-section elementor-element elementor-element-91c9c46 elementor-section-full_width elementor-section-height-min-height elementor-section-height-default elementor-section-items-middle\" data-id=\"91c9c46\" data-element_type=\"section\" data-e-type=\"section\" data-settings=\"{&quot;background_background&quot;:&quot;classic&quot;}\">\n\t\t\t\t\t\t\t<div class=\"elementor-background-overlay\"><\/div>\n\t\t\t\t\t\t\t<div class=\"elementor-container elementor-column-gap-default\">\n\t\t\t\t\t<div class=\"elementor-column elementor-col-100 elementor-top-column elementor-element elementor-element-30a009c\" data-id=\"30a009c\" data-element_type=\"column\" data-e-type=\"column\">\n\t\t\t<div class=\"elementor-widget-wrap elementor-element-populated\">\n\t\t\t\t\t\t<section class=\"elementor-section elementor-inner-section elementor-element elementor-element-abdb2c1 elementor-section-boxed elementor-section-height-default elementor-section-height-default\" data-id=\"abdb2c1\" data-element_type=\"section\" data-e-type=\"section\">\n\t\t\t\t\t\t<div class=\"elementor-container elementor-column-gap-default\">\n\t\t\t\t\t<div class=\"elementor-column elementor-col-100 elementor-inner-column elementor-element elementor-element-f314d64\" data-id=\"f314d64\" data-element_type=\"column\" data-e-type=\"column\">\n\t\t\t<div class=\"elementor-widget-wrap elementor-element-populated\">\n\t\t\t\t\t\t<div class=\"elementor-element elementor-element-bb50228 elementor-widget elementor-widget-spacer\" data-id=\"bb50228\" data-element_type=\"widget\" data-e-type=\"widget\" data-widget_type=\"spacer.default\">\n\t\t\t\t<div class=\"elementor-widget-container\">\n\t\t\t\t\t\t\t<div class=\"elementor-spacer\">\n\t\t\t<div class=\"elementor-spacer-inner\"><\/div>\n\t\t<\/div>\n\t\t\t\t\t\t<\/div>\n\t\t\t\t<\/div>\n\t\t\t\t<div class=\"elementor-element elementor-element-2a48741 elementor-widget elementor-widget-heading\" data-id=\"2a48741\" data-element_type=\"widget\" data-e-type=\"widget\" data-widget_type=\"heading.default\">\n\t\t\t\t<div class=\"elementor-widget-container\">\n\t\t\t\t\t<h2 class=\"elementor-heading-title elementor-size-default\">Contact Us<\/h2>\t\t\t\t<\/div>\n\t\t\t\t<\/div>\n\t\t\t\t<div class=\"elementor-element elementor-element-70785dd elementor-widget elementor-widget-spacer\" data-id=\"70785dd\" data-element_type=\"widget\" data-e-type=\"widget\" data-widget_type=\"spacer.default\">\n\t\t\t\t<div class=\"elementor-widget-container\">\n\t\t\t\t\t\t\t<div class=\"elementor-spacer\">\n\t\t\t<div class=\"elementor-spacer-inner\"><\/div>\n\t\t<\/div>\n\t\t\t\t\t\t<\/div>\n\t\t\t\t<\/div>\n\t\t\t\t\t<\/div>\n\t\t<\/div>\n\t\t\t\t\t<\/div>\n\t\t<\/section>\n\t\t\t\t\t<\/div>\n\t\t<\/div>\n\t\t\t\t\t<\/div>\n\t\t<\/section>\n\t\t\t\t<section class=\"elementor-section elementor-top-section elementor-element elementor-element-bc7c496 elementor-section-boxed elementor-section-height-default elementor-section-height-default\" data-id=\"bc7c496\" data-element_type=\"section\" data-e-type=\"section\">\n\t\t\t\t\t\t<div class=\"elementor-container elementor-column-gap-default\">\n\t\t\t\t\t<div class=\"elementor-column elementor-col-66 elementor-top-column elementor-element elementor-element-eff3039\" data-id=\"eff3039\" data-element_type=\"column\" data-e-type=\"column\">\n\t\t\t<div class=\"elementor-widget-wrap elementor-element-populated\">\n\t\t\t\t\t\t<div class=\"elementor-element elementor-element-c6436fb elementor-widget elementor-widget-shortcode\" data-id=\"c6436fb\" data-element_type=\"widget\" data-e-type=\"widget\" data-widget_type=\"shortcode.default\">\n\t\t\t\t<div class=\"elementor-widget-container\">\n\t\t\t\t\t\t\t<div class=\"elementor-shortcode\">\n<div class=\"wpcf7 no-js\" id=\"wpcf7-f5-o1\" lang=\"es-ES\" dir=\"ltr\" data-wpcf7-id=\"5\">\n<div class=\"screen-reader-response\"><p role=\"status\" aria-live=\"polite\" aria-atomic=\"true\"><\/p> <ul><\/ul><\/div>\n<form action=\"\/en\/wp-json\/wp\/v2\/pages\/235#wpcf7-f5-o1\" method=\"post\" class=\"wpcf7-form init\" aria-label=\"Formulario de contacto\" novalidate=\"novalidate\" data-status=\"init\" data-trp-original-action=\"\/en\/wp-json\/wp\/v2\/pages\/235#wpcf7-f5-o1\">\n<fieldset class=\"hidden-fields-container\"><input type=\"hidden\" name=\"_wpcf7\" value=\"5\" \/><input type=\"hidden\" name=\"_wpcf7_version\" value=\"6.1.5\" \/><input type=\"hidden\" name=\"_wpcf7_locale\" value=\"es_ES\" \/><input type=\"hidden\" name=\"_wpcf7_unit_tag\" value=\"wpcf7-f5-o1\" \/><input type=\"hidden\" name=\"_wpcf7_container_post\" value=\"0\" \/><input type=\"hidden\" name=\"_wpcf7_posted_data_hash\" value=\"\" \/><input type=\"hidden\" name=\"_case27_recipients\" value=\"%case27_recipients%\" \/><input type=\"hidden\" name=\"_case27_post_id\" value=\"235\" \/><input type=\"hidden\" name=\"_wpcf7_recaptcha_response\" value=\"\" \/>\n<\/fieldset>\n<p><label> Name<br \/>\n<span class=\"wpcf7-form-control-wrap\" data-name=\"your-name\"><input size=\"40\" maxlength=\"400\" class=\"wpcf7-form-control wpcf7-text wpcf7-validates-as-required\" aria-required=\"true\" aria-invalid=\"false\" value=\"\" type=\"text\" name=\"your-name\" \/><\/span> <\/label>\n<\/p>\n<p><label> Email<br \/>\n<span class=\"wpcf7-form-control-wrap\" data-name=\"your-email\"><input size=\"40\" maxlength=\"400\" class=\"wpcf7-form-control wpcf7-email wpcf7-validates-as-required wpcf7-text wpcf7-validates-as-email\" aria-required=\"true\" aria-invalid=\"false\" value=\"\" type=\"email\" name=\"your-email\" \/><\/span> <\/label>\n<\/p>\n<p><label> Subject<br \/>\n<span class=\"wpcf7-form-control-wrap\" data-name=\"your-subject\"><input size=\"40\" maxlength=\"400\" class=\"wpcf7-form-control wpcf7-text wpcf7-validates-as-required\" aria-required=\"true\" aria-invalid=\"false\" value=\"\" type=\"text\" name=\"your-subject\" \/><\/span> <\/label>\n<\/p>\n<p><label> Message (optional)<br \/>\n<span class=\"wpcf7-form-control-wrap\" data-name=\"your-message\"><textarea cols=\"40\" rows=\"10\" maxlength=\"2000\" class=\"wpcf7-form-control wpcf7-textarea\" aria-invalid=\"false\" name=\"your-message\"><\/textarea><\/span> <\/label>\n<\/p>\n<p><input class=\"wpcf7-form-control wpcf7-submit has-spinner\" type=\"submit\" value=\"Submit\" \/>\n<\/p><input type='hidden' class='wpcf7-pum' value='{\"closepopup\":false,\"closedelay\":0,\"openpopup\":false,\"openpopup_id\":0}' \/><div class=\"wpcf7-response-output\" aria-hidden=\"true\"><\/div>\n<input type=\"hidden\" name=\"trp-form-language\" value=\"en\"\/><\/form>\n<\/div>\n<\/div>\n\t\t\t\t\t\t<\/div>\n\t\t\t\t<\/div>\n\t\t\t\t\t<\/div>\n\t\t<\/div>\n\t\t\t\t<div class=\"elementor-column elementor-col-33 elementor-top-column elementor-element elementor-element-234454e\" data-id=\"234454e\" data-element_type=\"column\" data-e-type=\"column\">\n\t\t\t<div class=\"elementor-widget-wrap elementor-element-populated\">\n\t\t\t\t\t\t<section class=\"elementor-section elementor-inner-section elementor-element elementor-element-6d8cbd0 elementor-section-boxed elementor-section-height-default elementor-section-height-default\" data-id=\"6d8cbd0\" data-element_type=\"section\" data-e-type=\"section\">\n\t\t\t\t\t\t<div class=\"elementor-container elementor-column-gap-default\">\n\t\t\t\t\t<div class=\"elementor-column elementor-col-100 elementor-inner-column elementor-element elementor-element-76043f3\" data-id=\"76043f3\" data-element_type=\"column\" data-e-type=\"column\" data-settings=\"{&quot;background_background&quot;:&quot;classic&quot;}\">\n\t\t\t<div class=\"elementor-widget-wrap elementor-element-populated\">\n\t\t\t\t\t\t<div class=\"elementor-element elementor-element-0e32e5d elementor-widget elementor-widget-heading\" data-id=\"0e32e5d\" data-element_type=\"widget\" data-e-type=\"widget\" data-widget_type=\"heading.default\">\n\t\t\t\t<div class=\"elementor-widget-container\">\n\t\t\t\t\t<h4 class=\"elementor-heading-title elementor-size-default\">Contact Us<\/h4>\t\t\t\t<\/div>\n\t\t\t\t<\/div>\n\t\t\t\t<div class=\"elementor-element elementor-element-891a4b2 elementor-widget-divider--view-line elementor-widget elementor-widget-divider\" data-id=\"891a4b2\" data-element_type=\"widget\" data-e-type=\"widget\" data-widget_type=\"divider.default\">\n\t\t\t\t<div class=\"elementor-widget-container\">\n\t\t\t\t\t\t\t<div class=\"elementor-divider\">\n\t\t\t<span class=\"elementor-divider-separator\">\n\t\t\t\t\t\t<\/span>\n\t\t<\/div>\n\t\t\t\t\t\t<\/div>\n\t\t\t\t<\/div>\n\t\t\t\t<div class=\"elementor-element elementor-element-c487cef elementor-widget elementor-widget-text-editor\" data-id=\"c487cef\" data-element_type=\"widget\" data-e-type=\"widget\" data-widget_type=\"text-editor.default\">\n\t\t\t\t<div class=\"elementor-widget-container\">\n\t\t\t\t\t\t\t\t\tFor more information about PLACA, country membership process, or interest in becoming a partner organization, please contact:\t\t\t\t\t\t\t\t<\/div>\n\t\t\t\t<\/div>\n\t\t\t\t<div class=\"elementor-element elementor-element-191987c elementor-icon-list--layout-traditional elementor-list-item-link-full_width elementor-widget elementor-widget-icon-list\" data-id=\"191987c\" data-element_type=\"widget\" data-e-type=\"widget\" data-widget_type=\"icon-list.default\">\n\t\t\t\t<div class=\"elementor-widget-container\">\n\t\t\t\t\t\t\t<ul class=\"elementor-icon-list-items\">\n\t\t\t\t\t\t\t<li class=\"elementor-icon-list-item\">\n\t\t\t\t\t\t\t\t\t\t\t<span class=\"elementor-icon-list-icon\">\n\t\t\t\t\t\t\t<i aria-hidden=\"true\" class=\"fas fa-envelope-square\"><\/i>\t\t\t\t\t\t<\/span>\n\t\t\t\t\t\t\t\t\t\t<span class=\"elementor-icon-list-text\">info@accionclimaticaplaca.org<\/span>\n\t\t\t\t\t\t\t\t\t<\/li>\n\t\t\t\t\t\t<\/ul>\n\t\t\t\t\t\t<\/div>\n\t\t\t\t<\/div>\n\t\t\t\t\t<\/div>\n\t\t<\/div>\n\t\t\t\t\t<\/div>\n\t\t<\/section>\n\t\t\t\t\t<\/div>\n\t\t<\/div>\n\t\t\t\t\t<\/div>\n\t\t<\/section>\n\t\t\t\t<\/div>","protected":false},"excerpt":{"rendered":"<p>Cont\u00e1ctenos Contacto Para m\u00e1s informaci\u00f3n sobre PLACA, proceso de adhesi\u00f3n de pa\u00edses, o inter\u00e9s de ser organizaci\u00f3n asociada, contactar a: info@accionclimaticaplaca.org<\/p>","protected":false},"author":1,"featured_media":0,"parent":0,"menu_order":0,"comment_status":"closed","ping_status":"closed","template":"","meta":{"_monsterinsights_skip_tracking":false,"_monsterinsights_sitenote_active":false,"_monsterinsights_sitenote_note":"","_monsterinsights_sitenote_category":0,"footnotes":""},"class_list":["post-235","page","type-page","status-publish","hentry"],"yoast_head":"<!-- This site is optimized with the Yoast SEO plugin v27.3 - https:\/\/yoast.com\/product\/yoast-seo-wordpress\/ -->\n<title>Contacto - Plataforma de Acci\u00f3n Clim\u00e1tica PLACA<\/title>\n<meta name=\"robots\" content=\"index, follow, max-snippet:-1, max-image-preview:large, max-video-preview:-1\" \/>\n<link rel=\"canonical\" href=\"https:\/\/accionclimaticaplaca.org\/en\/contacto\/\" \/>\n<meta property=\"og:locale\" content=\"en_US\" \/>\n<meta property=\"og:type\" content=\"article\" \/>\n<meta property=\"og:title\" content=\"Contacto - Plataforma de Acci\u00f3n Clim\u00e1tica PLACA\" \/>\n<meta property=\"og:description\" content=\"Cont\u00e1ctenos Contacto Para m\u00e1s informaci\u00f3n sobre PLACA, proceso de adhesi\u00f3n de pa\u00edses, o inter\u00e9s de ser organizaci\u00f3n asociada, contactar a: info@accionclimaticaplaca.org\" \/>\n<meta property=\"og:url\" content=\"https:\/\/accionclimaticaplaca.org\/en\/contacto\/\" \/>\n<meta property=\"og:site_name\" content=\"Plataforma de Acci\u00f3n Clim\u00e1tica PLACA\" \/>\n<meta property=\"article:modified_time\" content=\"2022-11-14T18:04:43+00:00\" \/>\n<meta name=\"twitter:card\" content=\"summary_large_image\" \/>\n<meta name=\"twitter:label1\" content=\"Est. reading time\" \/>\n\t<meta name=\"twitter:data1\" content=\"1 minute\" \/>\n<script type=\"application\/ld+json\" class=\"yoast-schema-graph\">{\"@context\":\"https:\\\/\\\/schema.org\",\"@graph\":[{\"@type\":\"WebPage\",\"@id\":\"https:\\\/\\\/accionclimaticaplaca.org\\\/contacto\\\/\",\"url\":\"https:\\\/\\\/accionclimaticaplaca.org\\\/contacto\\\/\",\"name\":\"Contacto - Plataforma de Acci\u00f3n Clim\u00e1tica PLACA\",\"isPartOf\":{\"@id\":\"https:\\\/\\\/accionclimaticaplaca.org\\\/#website\"},\"datePublished\":\"2021-07-21T22:15:52+00:00\",\"dateModified\":\"2022-11-14T18:04:43+00:00\",\"breadcrumb\":{\"@id\":\"https:\\\/\\\/accionclimaticaplaca.org\\\/contacto\\\/#breadcrumb\"},\"inLanguage\":\"en-US\",\"potentialAction\":[{\"@type\":\"ReadAction\",\"target\":[\"https:\\\/\\\/accionclimaticaplaca.org\\\/contacto\\\/\"]}]},{\"@type\":\"BreadcrumbList\",\"@id\":\"https:\\\/\\\/accionclimaticaplaca.org\\\/contacto\\\/#breadcrumb\",\"itemListElement\":[{\"@type\":\"ListItem\",\"position\":1,\"name\":\"Portada\",\"item\":\"https:\\\/\\\/accionclimaticaplaca.org\\\/\"},{\"@type\":\"ListItem\",\"position\":2,\"name\":\"Contacto\"}]},{\"@type\":\"WebSite\",\"@id\":\"https:\\\/\\\/accionclimaticaplaca.org\\\/#website\",\"url\":\"https:\\\/\\\/accionclimaticaplaca.org\\\/\",\"name\":\"Plataforma de Acci\u00f3n Clim\u00e1tica PLACA\",\"description\":\"Plataforma de Acci\u00f3n Clim\u00e1tica en Agricultura de Latinoam\u00e9rica y El Caribe\",\"publisher\":{\"@id\":\"https:\\\/\\\/accionclimaticaplaca.org\\\/#organization\"},\"potentialAction\":[{\"@type\":\"SearchAction\",\"target\":{\"@type\":\"EntryPoint\",\"urlTemplate\":\"https:\\\/\\\/accionclimaticaplaca.org\\\/?s={search_term_string}\"},\"query-input\":{\"@type\":\"PropertyValueSpecification\",\"valueRequired\":true,\"valueName\":\"search_term_string\"}}],\"inLanguage\":\"en-US\"},{\"@type\":\"Organization\",\"@id\":\"https:\\\/\\\/accionclimaticaplaca.org\\\/#organization\",\"name\":\"Food and Agriculture Organization\",\"url\":\"https:\\\/\\\/accionclimaticaplaca.org\\\/\",\"logo\":{\"@type\":\"ImageObject\",\"inLanguage\":\"en-US\",\"@id\":\"https:\\\/\\\/accionclimaticaplaca.org\\\/#\\\/schema\\\/logo\\\/image\\\/\",\"url\":\"https:\\\/\\\/accionclimaticaplaca.org\\\/wp-content\\\/uploads\\\/2021\\\/11\\\/gif_placa_esp.gif\",\"contentUrl\":\"https:\\\/\\\/accionclimaticaplaca.org\\\/wp-content\\\/uploads\\\/2021\\\/11\\\/gif_placa_esp.gif\",\"width\":1000,\"height\":1000,\"caption\":\"Food and Agriculture Organization\"},\"image\":{\"@id\":\"https:\\\/\\\/accionclimaticaplaca.org\\\/#\\\/schema\\\/logo\\\/image\\\/\"}}]}<\/script>\n<!-- \/ Yoast SEO plugin. -->","yoast_head_json":{"title":"Contacto - Plataforma de Acci\u00f3n Clim\u00e1tica PLACA","robots":{"index":"index","follow":"follow","max-snippet":"max-snippet:-1","max-image-preview":"max-image-preview:large","max-video-preview":"max-video-preview:-1"},"canonical":"https:\/\/accionclimaticaplaca.org\/en\/contacto\/","og_locale":"en_US","og_type":"article","og_title":"Contacto - Plataforma de Acci\u00f3n Clim\u00e1tica PLACA","og_description":"Cont\u00e1ctenos Contacto Para m\u00e1s informaci\u00f3n sobre PLACA, proceso de adhesi\u00f3n de pa\u00edses, o inter\u00e9s de ser organizaci\u00f3n asociada, contactar a: info@accionclimaticaplaca.org","og_url":"https:\/\/accionclimaticaplaca.org\/en\/contacto\/","og_site_name":"Plataforma de Acci\u00f3n Clim\u00e1tica PLACA","article_modified_time":"2022-11-14T18:04:43+00:00","twitter_card":"summary_large_image","twitter_misc":{"Est. reading time":"1 minute"},"schema":{"@context":"https:\/\/schema.org","@graph":[{"@type":"WebPage","@id":"https:\/\/accionclimaticaplaca.org\/contacto\/","url":"https:\/\/accionclimaticaplaca.org\/contacto\/","name":"Contacto - Plataforma de Acci\u00f3n Clim\u00e1tica PLACA","isPartOf":{"@id":"https:\/\/accionclimaticaplaca.org\/#website"},"datePublished":"2021-07-21T22:15:52+00:00","dateModified":"2022-11-14T18:04:43+00:00","breadcrumb":{"@id":"https:\/\/accionclimaticaplaca.org\/contacto\/#breadcrumb"},"inLanguage":"en-US","potentialAction":[{"@type":"ReadAction","target":["https:\/\/accionclimaticaplaca.org\/contacto\/"]}]},{"@type":"BreadcrumbList","@id":"https:\/\/accionclimaticaplaca.org\/contacto\/#breadcrumb","itemListElement":[{"@type":"ListItem","position":1,"name":"Portada","item":"https:\/\/accionclimaticaplaca.org\/"},{"@type":"ListItem","position":2,"name":"Contacto"}]},{"@type":"WebSite","@id":"https:\/\/accionclimaticaplaca.org\/#website","url":"https:\/\/accionclimaticaplaca.org\/","name":"Plataforma de Acci\u00f3n Clim\u00e1tica PLACA","description":"Platform of Latin America and the Caribbean for Climate Action on Agriculture","publisher":{"@id":"https:\/\/accionclimaticaplaca.org\/#organization"},"potentialAction":[{"@type":"SearchAction","target":{"@type":"EntryPoint","urlTemplate":"https:\/\/accionclimaticaplaca.org\/?s={search_term_string}"},"query-input":{"@type":"PropertyValueSpecification","valueRequired":true,"valueName":"search_term_string"}}],"inLanguage":"en-US"},{"@type":"Organization","@id":"https:\/\/accionclimaticaplaca.org\/#organization","name":"Food and Agriculture Organization","url":"https:\/\/accionclimaticaplaca.org\/","logo":{"@type":"ImageObject","inLanguage":"en-US","@id":"https:\/\/accionclimaticaplaca.org\/#\/schema\/logo\/image\/","url":"https:\/\/accionclimaticaplaca.org\/wp-content\/uploads\/2021\/11\/gif_placa_esp.gif","contentUrl":"https:\/\/accionclimaticaplaca.org\/wp-content\/uploads\/2021\/11\/gif_placa_esp.gif","width":1000,"height":1000,"caption":"Food and Agriculture Organization"},"image":{"@id":"https:\/\/accionclimaticaplaca.org\/#\/schema\/logo\/image\/"}}]}},"_links":{"self":[{"href":"https:\/\/accionclimaticaplaca.org\/en\/wp-json\/wp\/v2\/pages\/235","targetHints":{"allow":["GET"]}}],"collection":[{"href":"https:\/\/accionclimaticaplaca.org\/en\/wp-json\/wp\/v2\/pages"}],"about":[{"href":"https:\/\/accionclimaticaplaca.org\/en\/wp-json\/wp\/v2\/types\/page"}],"author":[{"embeddable":true,"href":"https:\/\/accionclimaticaplaca.org\/en\/wp-json\/wp\/v2\/users\/1"}],"replies":[{"embeddable":true,"href":"https:\/\/accionclimaticaplaca.org\/en\/wp-json\/wp\/v2\/comments?post=235"}],"version-history":[{"count":28,"href":"https:\/\/accionclimaticaplaca.org\/en\/wp-json\/wp\/v2\/pages\/235\/revisions"}],"predecessor-version":[{"id":7227,"href":"https:\/\/accionclimaticaplaca.org\/en\/wp-json\/wp\/v2\/pages\/235\/revisions\/7227"}],"wp:attachment":[{"href":"https:\/\/accionclimaticaplaca.org\/en\/wp-json\/wp\/v2\/media?parent=235"}],"curies":[{"name":"wp","href":"https:\/\/api.w.org\/{rel}","templated":true}]}}